{"id":11,"date":"2020-06-02T11:27:18","date_gmt":"2020-06-02T11:27:18","guid":{"rendered":"http:\/\/promoveconsultoria.com\/es\/?page_id=11"},"modified":"2025-10-31T11:05:56","modified_gmt":"2025-10-31T09:05:56","slug":"contacto","status":"publish","type":"page","link":"https:\/\/promoveconsultoria.com\/es\/contacto\/","title":{"rendered":"Contacto"},"content":{"rendered":"\t\t<div data-elementor-type=\"wp-page\" data-elementor-id=\"11\" class=\"elementor elementor-11\">\n\t\t\t\t\t\t<section class=\"elementor-section elementor-top-section elementor-element elementor-element-295b63e5 elementor-section-content-middle elementor-reverse-mobile elementor-section-height-min-height elementor-section-boxed elementor-section-height-default elementor-section-items-middle\" data-id=\"295b63e5\" data-element_type=\"section\">\n\t\t\t\t\t\t<div class=\"elementor-container elementor-column-gap-default\">\n\t\t\t\t\t<div class=\"elementor-column elementor-col-50 elementor-top-column elementor-element elementor-element-2170068c\" data-id=\"2170068c\" data-element_type=\"column\">\n\t\t\t<div class=\"elementor-widget-wrap elementor-element-populated\">\n\t\t\t\t\t\t<div class=\"elementor-element elementor-element-47fa55da elementor-widget elementor-widget-heading\" data-id=\"47fa55da\" data-element_type=\"widget\" data-widget_type=\"heading.default\">\n\t\t\t\t<div class=\"elementor-widget-container\">\n\t\t\t\t\t<h2 class=\"elementor-heading-title elementor-size-default\">Para cualquier consulta, tienes varias opciones!<\/h2>\t\t\t\t<\/div>\n\t\t\t\t<\/div>\n\t\t\t\t\t<\/div>\n\t\t<\/div>\n\t\t\t\t<div class=\"elementor-column elementor-col-50 elementor-top-column elementor-element elementor-element-4c87d070\" data-id=\"4c87d070\" data-element_type=\"column\">\n\t\t\t<div class=\"elementor-widget-wrap elementor-element-populated\">\n\t\t\t\t\t\t<div class=\"elementor-element elementor-element-298ca84 elementor-widget elementor-widget-image\" data-id=\"298ca84\" data-element_type=\"widget\" data-widget_type=\"image.default\">\n\t\t\t\t<div class=\"elementor-widget-container\">\n\t\t\t\t\t\t\t\t\t\t\t\t\t\t\t<img fetchpriority=\"high\" decoding=\"async\" width=\"561\" height=\"409\" src=\"https:\/\/promoveconsultoria.com\/es\/wp-content\/uploads\/sites\/2\/2020\/07\/imaxe-nova-web-2.jpg\" class=\"attachment-full size-full wp-image-1110\" alt=\"\" srcset=\"https:\/\/promoveconsultoria.com\/es\/wp-content\/uploads\/sites\/2\/2020\/07\/imaxe-nova-web-2.jpg 561w, https:\/\/promoveconsultoria.com\/es\/wp-content\/uploads\/sites\/2\/2020\/07\/imaxe-nova-web-2-300x219.jpg 300w\" sizes=\"(max-width: 561px) 100vw, 561px\" \/>\t\t\t\t\t\t\t\t\t\t\t\t\t\t\t<\/div>\n\t\t\t\t<\/div>\n\t\t\t\t\t<\/div>\n\t\t<\/div>\n\t\t\t\t\t<\/div>\n\t\t<\/section>\n\t\t\t\t<section class=\"elementor-section elementor-top-section elementor-element elementor-element-125c5e20 elementor-section-content-middle elementor-section-height-min-height elementor-section-boxed elementor-section-height-default elementor-section-items-middle\" data-id=\"125c5e20\" data-element_type=\"section\">\n\t\t\t\t\t\t<div class=\"elementor-container elementor-column-gap-no\">\n\t\t\t\t\t<div class=\"elementor-column elementor-col-100 elementor-top-column elementor-element elementor-element-69fb94d2\" data-id=\"69fb94d2\" data-element_type=\"column\">\n\t\t\t<div class=\"elementor-widget-wrap elementor-element-populated\">\n\t\t\t\t\t\t<div class=\"elementor-element elementor-element-890240b elementor-widget elementor-widget-text-editor\" data-id=\"890240b\" data-element_type=\"widget\" data-widget_type=\"text-editor.default\">\n\t\t\t\t<div class=\"elementor-widget-container\">\n\t\t\t\t\t\t\t\t\t<p>Puedes llamarnos o enviar un correo electr\u00f3nico personalizado, si ya nos conoces (est\u00e1n <a href=\"https:\/\/promoveconsultoria.com\/es\/sobre-nosotras\/\">aqu\u00ed<\/a>), o a la cuenta gen\u00e9rica, si todav\u00eda no nos hemos conocido:<\/p>\t\t\t\t\t\t\t\t<\/div>\n\t\t\t\t<\/div>\n\t\t\t\t<div class=\"elementor-element elementor-element-107537e8 elementor-widget elementor-widget-heading\" data-id=\"107537e8\" data-element_type=\"widget\" data-widget_type=\"heading.default\">\n\t\t\t\t<div class=\"elementor-widget-container\">\n\t\t\t\t\t<h4 class=\"elementor-heading-title elementor-size-default\"><a href=\"mailto:info@promoveconsultoria.gal\">info@promoveconsultoria.gal<\/a><\/h4>\t\t\t\t<\/div>\n\t\t\t\t<\/div>\n\t\t\t\t\t<\/div>\n\t\t<\/div>\n\t\t\t\t\t<\/div>\n\t\t<\/section>\n\t\t\t\t<section class=\"elementor-section elementor-top-section elementor-element elementor-element-57165e0d elementor-section-content-middle elementor-section-height-min-height elementor-section-stretched elementor-section-boxed elementor-section-height-default elementor-section-items-middle\" data-id=\"57165e0d\" data-element_type=\"section\" data-settings=\"{&quot;stretch_section&quot;:&quot;section-stretched&quot;}\">\n\t\t\t\t\t\t<div class=\"elementor-container elementor-column-gap-no\">\n\t\t\t\t\t<div class=\"elementor-column elementor-col-100 elementor-top-column elementor-element elementor-element-6821b958\" data-id=\"6821b958\" data-element_type=\"column\">\n\t\t\t<div class=\"elementor-widget-wrap elementor-element-populated\">\n\t\t\t\t\t\t<section class=\"elementor-section elementor-inner-section elementor-element elementor-element-7f191f3c elementor-section-boxed elementor-section-height-default elementor-section-height-default\" data-id=\"7f191f3c\" data-element_type=\"section\">\n\t\t\t\t\t\t<div class=\"elementor-container elementor-column-gap-default\">\n\t\t\t\t\t<div class=\"elementor-column elementor-col-33 elementor-inner-column elementor-element elementor-element-d79261\" data-id=\"d79261\" data-element_type=\"column\">\n\t\t\t<div class=\"elementor-widget-wrap elementor-element-populated\">\n\t\t\t\t\t\t<div class=\"elementor-element elementor-element-4dee1df4 animated-slow elementor-invisible elementor-widget elementor-widget-image\" data-id=\"4dee1df4\" data-element_type=\"widget\" data-settings=\"{&quot;_animation&quot;:&quot;fadeIn&quot;}\" data-widget_type=\"image.default\">\n\t\t\t\t<div class=\"elementor-widget-container\">\n\t\t\t\t\t\t\t\t\t\t\t\t\t\t\t<img decoding=\"async\" width=\"500\" height=\"363\" src=\"https:\/\/promoveconsultoria.com\/es\/wp-content\/uploads\/sites\/2\/2020\/07\/Fatima_Promove_Sobre_Nos.jpg\" class=\"attachment-large size-large wp-image-1155\" alt=\"\" srcset=\"https:\/\/promoveconsultoria.com\/es\/wp-content\/uploads\/sites\/2\/2020\/07\/Fatima_Promove_Sobre_Nos.jpg 500w, https:\/\/promoveconsultoria.com\/es\/wp-content\/uploads\/sites\/2\/2020\/07\/Fatima_Promove_Sobre_Nos-300x218.jpg 300w\" sizes=\"(max-width: 500px) 100vw, 500px\" \/>\t\t\t\t\t\t\t\t\t\t\t\t\t\t\t<\/div>\n\t\t\t\t<\/div>\n\t\t\t\t<div class=\"elementor-element elementor-element-136d0185 elementor-widget elementor-widget-heading\" data-id=\"136d0185\" data-element_type=\"widget\" data-widget_type=\"heading.default\">\n\t\t\t\t<div class=\"elementor-widget-container\">\n\t\t\t\t\t<h2 class=\"elementor-heading-title elementor-size-default\">F\u00e1tima Rodr\u00edguez Figueiras<\/h2>\t\t\t\t<\/div>\n\t\t\t\t<\/div>\n\t\t\t\t<div class=\"elementor-element elementor-element-31a65e46 elementor-widget elementor-widget-text-editor\" data-id=\"31a65e46\" data-element_type=\"widget\" data-widget_type=\"text-editor.default\">\n\t\t\t\t<div class=\"elementor-widget-container\">\n\t\t\t\t\t\t\t\t\tMi reto es pasar de las ideas a soluciones concretas, teniendo en cuenta el contexto, la situaci\u00f3n y las peculiaridades de los lugares y las personas con las que trabajamos.\n<div><br><\/div>\n<div style=\"text-align: center; font-weight: bold;\"><a href=\"mailto:fatima@promoveconsultoria.gal\">fatima@promoveconsultoria.gal<\/a><\/div>\n<div style=\"text-align: center; font-weight: bold;\"><a href=\"tel:34667603421\"> Telf.:667603421<\/a><\/div>\t\t\t\t\t\t\t\t<\/div>\n\t\t\t\t<\/div>\n\t\t\t\t\t<\/div>\n\t\t<\/div>\n\t\t\t\t<div class=\"elementor-column elementor-col-33 elementor-inner-column elementor-element elementor-element-48ec4de3\" data-id=\"48ec4de3\" data-element_type=\"column\">\n\t\t\t<div class=\"elementor-widget-wrap elementor-element-populated\">\n\t\t\t\t\t\t<div class=\"elementor-element elementor-element-7f3ba031 animated-slow elementor-invisible elementor-widget elementor-widget-image\" data-id=\"7f3ba031\" data-element_type=\"widget\" data-settings=\"{&quot;_animation&quot;:&quot;fadeIn&quot;}\" data-widget_type=\"image.default\">\n\t\t\t\t<div class=\"elementor-widget-container\">\n\t\t\t\t\t\t\t\t\t\t\t\t\t\t\t<img decoding=\"async\" width=\"500\" height=\"363\" src=\"https:\/\/promoveconsultoria.com\/es\/wp-content\/uploads\/sites\/2\/2020\/07\/Maria_Promove_Sobre_Nos.jpg\" class=\"attachment-large size-large wp-image-1157\" alt=\"\" srcset=\"https:\/\/promoveconsultoria.com\/es\/wp-content\/uploads\/sites\/2\/2020\/07\/Maria_Promove_Sobre_Nos.jpg 500w, https:\/\/promoveconsultoria.com\/es\/wp-content\/uploads\/sites\/2\/2020\/07\/Maria_Promove_Sobre_Nos-300x218.jpg 300w\" sizes=\"(max-width: 500px) 100vw, 500px\" \/>\t\t\t\t\t\t\t\t\t\t\t\t\t\t\t<\/div>\n\t\t\t\t<\/div>\n\t\t\t\t<div class=\"elementor-element elementor-element-7a4eb80b elementor-widget elementor-widget-heading\" data-id=\"7a4eb80b\" data-element_type=\"widget\" data-widget_type=\"heading.default\">\n\t\t\t\t<div class=\"elementor-widget-container\">\n\t\t\t\t\t<h2 class=\"elementor-heading-title elementor-size-default\">Mar\u00eda Traveso Lago<\/h2>\t\t\t\t<\/div>\n\t\t\t\t<\/div>\n\t\t\t\t<div class=\"elementor-element elementor-element-6bdb7894 elementor-widget elementor-widget-text-editor\" data-id=\"6bdb7894\" data-element_type=\"widget\" data-widget_type=\"text-editor.default\">\n\t\t\t\t<div class=\"elementor-widget-container\">\n\t\t\t\t\t\t\t\t\tSoy una apasionada de la planificaci\u00f3n y de la organizaci\u00f3n para lograr la mayor eficiencia posible, aplicando el sentido com\u00fan para conseguir proyectos ilusionantes y realistas.\n<div><br><\/div>\n<div style=\"text-align: center; font-weight: bold;\"><a href=\"mailto:maria@promoveconsultoria.gal\">maria@promoveconsultoria.gal<\/a>\n<\/div>\n<div style=\"text-align: center; font-weight: bold;\"><a href=\"tel:34659192541\"> Telf.:659192541<\/a>\n<\/div>\t\t\t\t\t\t\t\t<\/div>\n\t\t\t\t<\/div>\n\t\t\t\t\t<\/div>\n\t\t<\/div>\n\t\t\t\t<div class=\"elementor-column elementor-col-33 elementor-inner-column elementor-element elementor-element-4592e2e6\" data-id=\"4592e2e6\" data-element_type=\"column\">\n\t\t\t<div class=\"elementor-widget-wrap elementor-element-populated\">\n\t\t\t\t\t\t<div class=\"elementor-element elementor-element-5a60a075 animated-slow elementor-invisible elementor-widget elementor-widget-image\" data-id=\"5a60a075\" data-element_type=\"widget\" data-settings=\"{&quot;_animation&quot;:&quot;fadeIn&quot;}\" data-widget_type=\"image.default\">\n\t\t\t\t<div class=\"elementor-widget-container\">\n\t\t\t\t\t\t\t\t\t\t\t\t\t\t\t<img loading=\"lazy\" decoding=\"async\" width=\"500\" height=\"363\" src=\"https:\/\/promoveconsultoria.com\/es\/wp-content\/uploads\/sites\/2\/2020\/07\/Veronica_Promove_Sobre_Nos.jpg\" class=\"attachment-large size-large wp-image-1158\" alt=\"\" srcset=\"https:\/\/promoveconsultoria.com\/es\/wp-content\/uploads\/sites\/2\/2020\/07\/Veronica_Promove_Sobre_Nos.jpg 500w, https:\/\/promoveconsultoria.com\/es\/wp-content\/uploads\/sites\/2\/2020\/07\/Veronica_Promove_Sobre_Nos-300x218.jpg 300w\" sizes=\"(max-width: 500px) 100vw, 500px\" \/>\t\t\t\t\t\t\t\t\t\t\t\t\t\t\t<\/div>\n\t\t\t\t<\/div>\n\t\t\t\t<div class=\"elementor-element elementor-element-319a6d3f elementor-widget elementor-widget-heading\" data-id=\"319a6d3f\" data-element_type=\"widget\" data-widget_type=\"heading.default\">\n\t\t\t\t<div class=\"elementor-widget-container\">\n\t\t\t\t\t<h2 class=\"elementor-heading-title elementor-size-default\">Ver\u00f3nica Rodr\u00edguez Ruzo<\/h2>\t\t\t\t<\/div>\n\t\t\t\t<\/div>\n\t\t\t\t<div class=\"elementor-element elementor-element-33f88b49 elementor-widget elementor-widget-text-editor\" data-id=\"33f88b49\" data-element_type=\"widget\" data-widget_type=\"text-editor.default\">\n\t\t\t\t<div class=\"elementor-widget-container\">\n\t\t\t\t\t\t\t\t\t<p>Mi objetivo es transformar en acciones nuestros sue\u00f1os e ilusiones. Siempre busco el equilibrio entre el proceso creativo y los resultados de nuestras acciones.<\/p><div>\u00a0<\/div><div style=\"text-align: center; font-weight: bold;\"><a href=\"mailto:veroruzo@promoveconsultoria.gal\">veroruzo@promoveconsultoria.gal<\/a><\/div><div style=\"text-align: center; font-weight: bold;\"><a href=\"tel:34674140031\"> Telf.:674140031<\/a><\/div>\t\t\t\t\t\t\t\t<\/div>\n\t\t\t\t<\/div>\n\t\t\t\t\t<\/div>\n\t\t<\/div>\n\t\t\t\t\t<\/div>\n\t\t<\/section>\n\t\t\t\t\t<\/div>\n\t\t<\/div>\n\t\t\t\t\t<\/div>\n\t\t<\/section>\n\t\t\t\t<\/div>\n\t\t","protected":false},"excerpt":{"rendered":"<p> &#8230; <a title=\"Contacto\" class=\"read-more\" href=\"https:\/\/promoveconsultoria.com\/es\/contacto\/\">Leer m\u00e1s<\/a><\/p>\n","protected":false},"author":1,"featured_media":0,"parent":0,"menu_order":0,"comment_status":"closed","ping_status":"closed","template":"","meta":{"footnotes":""},"class_list":["post-11","page","type-page","status-publish"],"yoast_head":"<!-- This site is optimized with the Yoast SEO plugin v24.1 - https:\/\/yoast.com\/wordpress\/plugins\/seo\/ -->\n<title>Contacto - Promove en castel\u00e1n<\/title>\n<meta name=\"robots\" content=\"index, follow, max-snippet:-1, max-image-preview:large, max-video-preview:-1\" \/>\n<link rel=\"canonical\" href=\"https:\/\/promoveconsultoria.com\/es\/contacto\/\" \/>\n<meta property=\"og:locale\" content=\"es_ES\" \/>\n<meta property=\"og:type\" content=\"article\" \/>\n<meta property=\"og:title\" content=\"Contacto - Promove en castel\u00e1n\" \/>\n<meta property=\"og:description\" content=\"... Leer m\u00e1s\" \/>\n<meta property=\"og:url\" content=\"https:\/\/promoveconsultoria.com\/es\/contacto\/\" \/>\n<meta property=\"og:site_name\" content=\"Promove en castel\u00e1n\" \/>\n<meta property=\"article:modified_time\" content=\"2025-10-31T09:05:56+00:00\" \/>\n<meta property=\"og:image\" content=\"https:\/\/promoveconsultoria.com\/es\/wp-content\/uploads\/sites\/2\/2020\/07\/imaxe-nova-web-2.jpg\" \/>\n\t<meta property=\"og:image:width\" content=\"561\" \/>\n\t<meta property=\"og:image:height\" content=\"409\" \/>\n\t<meta property=\"og:image:type\" content=\"image\/jpeg\" \/>\n<meta name=\"twitter:card\" content=\"summary_large_image\" \/>\n<meta name=\"twitter:label1\" content=\"Tiempo de lectura\" \/>\n\t<meta name=\"twitter:data1\" content=\"2 minutos\" \/>\n<script type=\"application\/ld+json\" class=\"yoast-schema-graph\">{\"@context\":\"https:\/\/schema.org\",\"@graph\":[{\"@type\":\"WebPage\",\"@id\":\"https:\/\/promoveconsultoria.com\/es\/contacto\/\",\"url\":\"https:\/\/promoveconsultoria.com\/es\/contacto\/\",\"name\":\"Contacto - Promove en castel\u00e1n\",\"isPartOf\":{\"@id\":\"https:\/\/promoveconsultoria.com\/es\/#website\"},\"primaryImageOfPage\":{\"@id\":\"https:\/\/promoveconsultoria.com\/es\/contacto\/#primaryimage\"},\"image\":{\"@id\":\"https:\/\/promoveconsultoria.com\/es\/contacto\/#primaryimage\"},\"thumbnailUrl\":\"https:\/\/promoveconsultoria.com\/es\/wp-content\/uploads\/sites\/2\/2020\/07\/imaxe-nova-web-2.jpg\",\"datePublished\":\"2020-06-02T11:27:18+00:00\",\"dateModified\":\"2025-10-31T09:05:56+00:00\",\"breadcrumb\":{\"@id\":\"https:\/\/promoveconsultoria.com\/es\/contacto\/#breadcrumb\"},\"inLanguage\":\"es\",\"potentialAction\":[{\"@type\":\"ReadAction\",\"target\":[\"https:\/\/promoveconsultoria.com\/es\/contacto\/\"]}]},{\"@type\":\"ImageObject\",\"inLanguage\":\"es\",\"@id\":\"https:\/\/promoveconsultoria.com\/es\/contacto\/#primaryimage\",\"url\":\"https:\/\/promoveconsultoria.com\/es\/wp-content\/uploads\/sites\/2\/2020\/07\/imaxe-nova-web-2.jpg\",\"contentUrl\":\"https:\/\/promoveconsultoria.com\/es\/wp-content\/uploads\/sites\/2\/2020\/07\/imaxe-nova-web-2.jpg\",\"width\":561,\"height\":409},{\"@type\":\"BreadcrumbList\",\"@id\":\"https:\/\/promoveconsultoria.com\/es\/contacto\/#breadcrumb\",\"itemListElement\":[{\"@type\":\"ListItem\",\"position\":1,\"name\":\"Portada\",\"item\":\"https:\/\/promoveconsultoria.com\/es\/\"},{\"@type\":\"ListItem\",\"position\":2,\"name\":\"Contacto\"}]},{\"@type\":\"WebSite\",\"@id\":\"https:\/\/promoveconsultoria.com\/es\/#website\",\"url\":\"https:\/\/promoveconsultoria.com\/es\/\",\"name\":\"Promove en castel\u00e1n\",\"description\":\"\",\"publisher\":{\"@id\":\"https:\/\/promoveconsultoria.com\/es\/#organization\"},\"potentialAction\":[{\"@type\":\"SearchAction\",\"target\":{\"@type\":\"EntryPoint\",\"urlTemplate\":\"https:\/\/promoveconsultoria.com\/es\/?s={search_term_string}\"},\"query-input\":{\"@type\":\"PropertyValueSpecification\",\"valueRequired\":true,\"valueName\":\"search_term_string\"}}],\"inLanguage\":\"es\"},{\"@type\":\"Organization\",\"@id\":\"https:\/\/promoveconsultoria.com\/es\/#organization\",\"name\":\"Promove en castel\u00e1n\",\"url\":\"https:\/\/promoveconsultoria.com\/es\/\",\"logo\":{\"@type\":\"ImageObject\",\"inLanguage\":\"es\",\"@id\":\"https:\/\/promoveconsultoria.com\/es\/#\/schema\/logo\/image\/\",\"url\":\"https:\/\/promoveconsultoria.com\/es\/wp-content\/uploads\/sites\/2\/2020\/06\/cropped-Logo-Promove-1-1.png\",\"contentUrl\":\"https:\/\/promoveconsultoria.com\/es\/wp-content\/uploads\/sites\/2\/2020\/06\/cropped-Logo-Promove-1-1.png\",\"width\":842,\"height\":596,\"caption\":\"Promove en castel\u00e1n\"},\"image\":{\"@id\":\"https:\/\/promoveconsultoria.com\/es\/#\/schema\/logo\/image\/\"}}]}<\/script>\n<!-- \/ Yoast SEO plugin. -->","yoast_head_json":{"title":"Contacto - Promove en castel\u00e1n","robots":{"index":"index","follow":"follow","max-snippet":"max-snippet:-1","max-image-preview":"max-image-preview:large","max-video-preview":"max-video-preview:-1"},"canonical":"https:\/\/promoveconsultoria.com\/es\/contacto\/","og_locale":"es_ES","og_type":"article","og_title":"Contacto - Promove en castel\u00e1n","og_description":"... Leer m\u00e1s","og_url":"https:\/\/promoveconsultoria.com\/es\/contacto\/","og_site_name":"Promove en castel\u00e1n","article_modified_time":"2025-10-31T09:05:56+00:00","og_image":[{"width":561,"height":409,"url":"https:\/\/promoveconsultoria.com\/es\/wp-content\/uploads\/sites\/2\/2020\/07\/imaxe-nova-web-2.jpg","type":"image\/jpeg"}],"twitter_card":"summary_large_image","twitter_misc":{"Tiempo de lectura":"2 minutos"},"schema":{"@context":"https:\/\/schema.org","@graph":[{"@type":"WebPage","@id":"https:\/\/promoveconsultoria.com\/es\/contacto\/","url":"https:\/\/promoveconsultoria.com\/es\/contacto\/","name":"Contacto - Promove en castel\u00e1n","isPartOf":{"@id":"https:\/\/promoveconsultoria.com\/es\/#website"},"primaryImageOfPage":{"@id":"https:\/\/promoveconsultoria.com\/es\/contacto\/#primaryimage"},"image":{"@id":"https:\/\/promoveconsultoria.com\/es\/contacto\/#primaryimage"},"thumbnailUrl":"https:\/\/promoveconsultoria.com\/es\/wp-content\/uploads\/sites\/2\/2020\/07\/imaxe-nova-web-2.jpg","datePublished":"2020-06-02T11:27:18+00:00","dateModified":"2025-10-31T09:05:56+00:00","breadcrumb":{"@id":"https:\/\/promoveconsultoria.com\/es\/contacto\/#breadcrumb"},"inLanguage":"es","potentialAction":[{"@type":"ReadAction","target":["https:\/\/promoveconsultoria.com\/es\/contacto\/"]}]},{"@type":"ImageObject","inLanguage":"es","@id":"https:\/\/promoveconsultoria.com\/es\/contacto\/#primaryimage","url":"https:\/\/promoveconsultoria.com\/es\/wp-content\/uploads\/sites\/2\/2020\/07\/imaxe-nova-web-2.jpg","contentUrl":"https:\/\/promoveconsultoria.com\/es\/wp-content\/uploads\/sites\/2\/2020\/07\/imaxe-nova-web-2.jpg","width":561,"height":409},{"@type":"BreadcrumbList","@id":"https:\/\/promoveconsultoria.com\/es\/contacto\/#breadcrumb","itemListElement":[{"@type":"ListItem","position":1,"name":"Portada","item":"https:\/\/promoveconsultoria.com\/es\/"},{"@type":"ListItem","position":2,"name":"Contacto"}]},{"@type":"WebSite","@id":"https:\/\/promoveconsultoria.com\/es\/#website","url":"https:\/\/promoveconsultoria.com\/es\/","name":"Promove en castel\u00e1n","description":"","publisher":{"@id":"https:\/\/promoveconsultoria.com\/es\/#organization"},"potentialAction":[{"@type":"SearchAction","target":{"@type":"EntryPoint","urlTemplate":"https:\/\/promoveconsultoria.com\/es\/?s={search_term_string}"},"query-input":{"@type":"PropertyValueSpecification","valueRequired":true,"valueName":"search_term_string"}}],"inLanguage":"es"},{"@type":"Organization","@id":"https:\/\/promoveconsultoria.com\/es\/#organization","name":"Promove en castel\u00e1n","url":"https:\/\/promoveconsultoria.com\/es\/","logo":{"@type":"ImageObject","inLanguage":"es","@id":"https:\/\/promoveconsultoria.com\/es\/#\/schema\/logo\/image\/","url":"https:\/\/promoveconsultoria.com\/es\/wp-content\/uploads\/sites\/2\/2020\/06\/cropped-Logo-Promove-1-1.png","contentUrl":"https:\/\/promoveconsultoria.com\/es\/wp-content\/uploads\/sites\/2\/2020\/06\/cropped-Logo-Promove-1-1.png","width":842,"height":596,"caption":"Promove en castel\u00e1n"},"image":{"@id":"https:\/\/promoveconsultoria.com\/es\/#\/schema\/logo\/image\/"}}]}},"_links":{"self":[{"href":"https:\/\/promoveconsultoria.com\/es\/wp-json\/wp\/v2\/pages\/11","targetHints":{"allow":["GET"]}}],"collection":[{"href":"https:\/\/promoveconsultoria.com\/es\/wp-json\/wp\/v2\/pages"}],"about":[{"href":"https:\/\/promoveconsultoria.com\/es\/wp-json\/wp\/v2\/types\/page"}],"author":[{"embeddable":true,"href":"https:\/\/promoveconsultoria.com\/es\/wp-json\/wp\/v2\/users\/1"}],"replies":[{"embeddable":true,"href":"https:\/\/promoveconsultoria.com\/es\/wp-json\/wp\/v2\/comments?post=11"}],"version-history":[{"count":69,"href":"https:\/\/promoveconsultoria.com\/es\/wp-json\/wp\/v2\/pages\/11\/revisions"}],"predecessor-version":[{"id":1984,"href":"https:\/\/promoveconsultoria.com\/es\/wp-json\/wp\/v2\/pages\/11\/revisions\/1984"}],"wp:attachment":[{"href":"https:\/\/promoveconsultoria.com\/es\/wp-json\/wp\/v2\/media?parent=11"}],"curies":[{"name":"wp","href":"https:\/\/api.w.org\/{rel}","templated":true}]}}